{"id":99227,"date":"2026-05-12T14:13:43","date_gmt":"2026-05-12T17:13:43","guid":{"rendered":"https:\/\/bagy.com.br\/site\/?page_id=99227"},"modified":"2026-05-12T15:11:58","modified_gmt":"2026-05-12T18:11:58","slug":"obrigado-prime","status":"publish","type":"page","link":"https:\/\/bagy.com.br\/site\/obrigado-prime\/","title":{"rendered":"[BAGY] Obrigado &#8211; Prime"},"content":{"rendered":"\t\t<div data-elementor-type=\"wp-page\" data-elementor-id=\"99227\" class=\"elementor elementor-99227\" data-elementor-settings=\"{&quot;ha_cmc_init_switcher&quot;:&quot;no&quot;}\" data-elementor-post-type=\"page\">\n\t\t\t\t<div class=\"elementor-element elementor-element-b376137 e-flex e-con-boxed e-con e-parent\" data-id=\"b376137\" data-element_type=\"container\" data-settings=\"{&quot;background_background&quot;:&quot;classic&quot;}\">\n\t\t\t\t\t<div class=\"e-con-inner\">\n\t\t<div class=\"elementor-element elementor-element-22d97af e-con-full e-flex e-con e-child\" data-id=\"22d97af\" data-element_type=\"container\">\n\t\t\t\t<div class=\"elementor-element elementor-element-c6cf3d5 elementor-widget elementor-widget-image\" data-id=\"c6cf3d5\" data-element_type=\"widget\" data-widget_type=\"image.default\">\n\t\t\t\t<div class=\"elementor-widget-container\">\n\t\t\t\t\t\t\t\t\t\t\t\t\t\t\t<img fetchpriority=\"high\" decoding=\"async\" width=\"546\" height=\"218\" src=\"https:\/\/bagy.com.br\/site\/wp-content\/uploads\/2023\/01\/logo-bagy-branco.svg\" class=\"attachment-large size-large wp-image-34340\" alt=\"\" \/>\t\t\t\t\t\t\t\t\t\t\t\t\t\t\t<\/div>\n\t\t\t\t<\/div>\n\t\t\t\t<div class=\"elementor-element elementor-element-410c0b6 elementor-widget__width-inherit elementor-widget elementor-widget-heading\" data-id=\"410c0b6\" data-element_type=\"widget\" data-widget_type=\"heading.default\">\n\t\t\t\t<div class=\"elementor-widget-container\">\n\t\t\t\t\t<h2 class=\"elementor-heading-title elementor-size-default\">Tudo pronto! Voc\u00ea ser\u00e1 redirecionado em instantes.<\/h2>\t\t\t\t<\/div>\n\t\t\t\t<\/div>\n\t\t<div class=\"elementor-element elementor-element-426fb05 e-con-full e-flex e-con e-child\" data-id=\"426fb05\" data-element_type=\"container\">\n\t\t\t\t<div class=\"elementor-element elementor-element-d78fe7e elementor-widget elementor-widget-progress\" data-id=\"d78fe7e\" data-element_type=\"widget\" data-widget_type=\"progress.default\">\n\t\t\t\t<div class=\"elementor-widget-container\">\n\t\t\t\t\t\n\t\t<div class=\"elementor-progress-wrapper\" role=\"progressbar\" aria-valuemin=\"0\" aria-valuemax=\"100\" aria-valuenow=\"90\">\n\t\t\t<div class=\"elementor-progress-bar\" data-max=\"90\">\n\t\t\t\t<span class=\"elementor-progress-text\"><\/span>\n\t\t\t\t\t\t\t\t\t<span class=\"elementor-progress-percentage\">90%<\/span>\n\t\t\t\t\t\t\t<\/div>\n\t\t<\/div>\n\t\t\t\t\t\t<\/div>\n\t\t\t\t<\/div>\n\t\t\t\t<div class=\"elementor-element elementor-element-629841e elementor-widget elementor-widget-heading\" data-id=\"629841e\" data-element_type=\"widget\" data-widget_type=\"heading.default\">\n\t\t\t\t<div class=\"elementor-widget-container\">\n\t\t\t\t\t<h2 class=\"elementor-heading-title elementor-size-default\">Se a p\u00e1gina n\u00e3o carregar automaticamente<\/h2>\t\t\t\t<\/div>\n\t\t\t\t<\/div>\n\t\t\t\t<div class=\"elementor-element elementor-element-3d5699a elementor-mobile-align-justify elementor-widget-mobile__width-inherit elementor-tablet-align-left elementor-align-center elementor-widget elementor-widget-button\" data-id=\"3d5699a\" data-element_type=\"widget\" data-settings=\"{&quot;ha_floating_fx&quot;:&quot;yes&quot;}\" data-widget_type=\"button.default\">\n\t\t\t\t<div class=\"elementor-widget-container\">\n\t\t\t\t\t\t\t\t\t<div class=\"elementor-button-wrapper\">\n\t\t\t\t\t<a class=\"elementor-button elementor-button-link elementor-size-sm\" href=\"https:\/\/api.whatsapp.com\/send\/?phone=553197459520&#038;text=Ol%C3%A1!+Gostaria+da+Consultoria+Bagy+pelo+WhatsApp\">\n\t\t\t\t\t\t<span class=\"elementor-button-content-wrapper\">\n\t\t\t\t\t\t\t\t\t<span class=\"elementor-button-text\">Clique aqui<\/span>\n\t\t\t\t\t<\/span>\n\t\t\t\t\t<\/a>\n\t\t\t\t<\/div>\n\t\t\t\t\t\t\t\t<\/div>\n\t\t\t\t<\/div>\n\t\t\t\t<\/div>\n\t\t\t\t<div class=\"elementor-element elementor-element-285e701 elementor-countdown--label-block elementor-widget elementor-widget-countdown\" data-id=\"285e701\" data-element_type=\"widget\" data-widget_type=\"countdown.default\">\n\t\t\t\t<div class=\"elementor-widget-container\">\n\t\t\t\t\t\t\t<div data-evergreen-interval=\"3\" data-expire-actions=\"[{&quot;type&quot;:&quot;redirect&quot;,&quot;redirect_url&quot;:&quot;https:\\\/\\\/api.whatsapp.com\\\/send\\\/?phone=553197459520&#038;text=Ol%C3%A1!+Gostaria+da+Consultoria+Bagy+pelo+WhatsApp&quot;}]\" class=\"elementor-countdown-wrapper\" data-date=\"\">\n\t\t\t<div class=\"elementor-countdown-item\"><span class=\"elementor-countdown-digits elementor-countdown-days\"><\/span> <span class=\"elementor-countdown-label\">Dias<\/span><\/div><div class=\"elementor-countdown-item\"><span class=\"elementor-countdown-digits elementor-countdown-hours\"><\/span> <span class=\"elementor-countdown-label\">Horas<\/span><\/div><div class=\"elementor-countdown-item\"><span class=\"elementor-countdown-digits elementor-countdown-minutes\"><\/span> <span class=\"elementor-countdown-label\">Minutos<\/span><\/div><div class=\"elementor-countdown-item\"><span class=\"elementor-countdown-digits elementor-countdown-seconds\"><\/span> <span class=\"elementor-countdown-label\">Segundos<\/span><\/div>\t\t<\/div>\n\t\t\t\t\t\t<\/div>\n\t\t\t\t<\/div>\n\t\t\t\t<\/div>\n\t\t\t\t\t<\/div>\n\t\t\t\t<\/div>\n\t\t\t\t<\/div>\n\t\t","protected":false},"excerpt":{"rendered":"<p>Tudo pronto! Voc\u00ea ser\u00e1 redirecionado em instantes. 90% Se a p\u00e1gina n\u00e3o carregar automaticamente Clique aqui Dias Horas Minutos Segundos<\/p>\n","protected":false},"author":43,"featured_media":0,"parent":0,"menu_order":0,"comment_status":"closed","ping_status":"closed","template":"","meta":{"footnotes":""},"class_list":["post-99227","page","type-page","status-publish","hentry"],"yoast_head":"<!-- This site is optimized with the Yoast SEO plugin v26.3 - https:\/\/yoast.com\/wordpress\/plugins\/seo\/ -->\n<title>Falta mais um passo para confirmar sua inscri\u00e7\u00e3o!<\/title>\n<meta name=\"robots\" content=\"index, follow, max-snippet:-1, max-image-preview:large, max-video-preview:-1\" \/>\n<link rel=\"canonical\" href=\"https:\/\/bagy.com.br\/site\/obrigado-prime\/\" \/>\n<meta property=\"og:locale\" content=\"pt_BR\" \/>\n<meta property=\"og:type\" content=\"article\" \/>\n<meta property=\"og:title\" content=\"Falta mais um passo para confirmar sua inscri\u00e7\u00e3o!\" \/>\n<meta property=\"og:description\" content=\"Tudo pronto! Voc\u00ea ser\u00e1 redirecionado em instantes. 90% Se a p\u00e1gina n\u00e3o carregar automaticamente Clique aqui Dias Horas Minutos Segundos\" \/>\n<meta property=\"og:url\" content=\"https:\/\/bagy.com.br\/site\/obrigado-prime\/\" \/>\n<meta property=\"og:site_name\" content=\"Bagy\" \/>\n<meta property=\"article:modified_time\" content=\"2026-05-12T18:11:58+00:00\" \/>\n<meta name=\"twitter:card\" content=\"summary_large_image\" \/>\n<meta name=\"twitter:label1\" content=\"Est. tempo de leitura\" \/>\n\t<meta name=\"twitter:data1\" content=\"1 minuto\" \/>\n<script type=\"application\/ld+json\" class=\"yoast-schema-graph\">{\"@context\":\"https:\/\/schema.org\",\"@graph\":[{\"@type\":\"WebPage\",\"@id\":\"https:\/\/bagy.com.br\/site\/obrigado-prime\/\",\"url\":\"https:\/\/bagy.com.br\/site\/obrigado-prime\/\",\"name\":\"Falta mais um passo para confirmar sua inscri\u00e7\u00e3o!\",\"isPartOf\":{\"@id\":\"https:\/\/bagy.com.br\/site\/#website\"},\"primaryImageOfPage\":{\"@id\":\"https:\/\/bagy.com.br\/site\/obrigado-prime\/#primaryimage\"},\"image\":{\"@id\":\"https:\/\/bagy.com.br\/site\/obrigado-prime\/#primaryimage\"},\"thumbnailUrl\":\"https:\/\/bagy.com.br\/site\/wp-content\/uploads\/2023\/01\/logo-bagy-branco.svg\",\"datePublished\":\"2026-05-12T17:13:43+00:00\",\"dateModified\":\"2026-05-12T18:11:58+00:00\",\"breadcrumb\":{\"@id\":\"https:\/\/bagy.com.br\/site\/obrigado-prime\/#breadcrumb\"},\"inLanguage\":\"pt-BR\",\"potentialAction\":[{\"@type\":\"ReadAction\",\"target\":[\"https:\/\/bagy.com.br\/site\/obrigado-prime\/\"]}]},{\"@type\":\"ImageObject\",\"inLanguage\":\"pt-BR\",\"@id\":\"https:\/\/bagy.com.br\/site\/obrigado-prime\/#primaryimage\",\"url\":\"https:\/\/bagy.com.br\/site\/wp-content\/uploads\/2023\/01\/logo-bagy-branco.svg\",\"contentUrl\":\"https:\/\/bagy.com.br\/site\/wp-content\/uploads\/2023\/01\/logo-bagy-branco.svg\",\"width\":546,\"height\":218},{\"@type\":\"BreadcrumbList\",\"@id\":\"https:\/\/bagy.com.br\/site\/obrigado-prime\/#breadcrumb\",\"itemListElement\":[{\"@type\":\"ListItem\",\"position\":1,\"name\":\"In\u00edcio\",\"item\":\"https:\/\/bagy.com.br\/site\/\"},{\"@type\":\"ListItem\",\"position\":2,\"name\":\"[BAGY] Obrigado &#8211; Prime\"}]},{\"@type\":\"WebSite\",\"@id\":\"https:\/\/bagy.com.br\/site\/#website\",\"url\":\"https:\/\/bagy.com.br\/site\/\",\"name\":\"Bagy\",\"description\":\"Tenha sua pr\u00f3pria loja online de uma maneira r\u00e1pida e f\u00e1cil sem precisar ter nenhum conhecimento t\u00e9cnico\",\"publisher\":{\"@id\":\"https:\/\/bagy.com.br\/site\/#organization\"},\"potentialAction\":[{\"@type\":\"SearchAction\",\"target\":{\"@type\":\"EntryPoint\",\"urlTemplate\":\"https:\/\/bagy.com.br\/site\/?s={search_term_string}\"},\"query-input\":{\"@type\":\"PropertyValueSpecification\",\"valueRequired\":true,\"valueName\":\"search_term_string\"}}],\"inLanguage\":\"pt-BR\"},{\"@type\":\"Organization\",\"@id\":\"https:\/\/bagy.com.br\/site\/#organization\",\"name\":\"Bagy\",\"url\":\"https:\/\/bagy.com.br\/site\/\",\"logo\":{\"@type\":\"ImageObject\",\"inLanguage\":\"pt-BR\",\"@id\":\"https:\/\/bagy.com.br\/site\/#\/schema\/logo\/image\/\",\"url\":\"https:\/\/bagy.com.br\/site\/wp-content\/uploads\/2021\/02\/logo-bagy-rosa.svg\",\"contentUrl\":\"https:\/\/bagy.com.br\/site\/wp-content\/uploads\/2021\/02\/logo-bagy-rosa.svg\",\"width\":130,\"height\":52,\"caption\":\"Bagy\"},\"image\":{\"@id\":\"https:\/\/bagy.com.br\/site\/#\/schema\/logo\/image\/\"}}]}<\/script>\n<!-- \/ Yoast SEO plugin. -->","yoast_head_json":{"title":"Falta mais um passo para confirmar sua inscri\u00e7\u00e3o!","robots":{"index":"index","follow":"follow","max-snippet":"max-snippet:-1","max-image-preview":"max-image-preview:large","max-video-preview":"max-video-preview:-1"},"canonical":"https:\/\/bagy.com.br\/site\/obrigado-prime\/","og_locale":"pt_BR","og_type":"article","og_title":"Falta mais um passo para confirmar sua inscri\u00e7\u00e3o!","og_description":"Tudo pronto! Voc\u00ea ser\u00e1 redirecionado em instantes. 90% Se a p\u00e1gina n\u00e3o carregar automaticamente Clique aqui Dias Horas Minutos Segundos","og_url":"https:\/\/bagy.com.br\/site\/obrigado-prime\/","og_site_name":"Bagy","article_modified_time":"2026-05-12T18:11:58+00:00","twitter_card":"summary_large_image","twitter_misc":{"Est. tempo de leitura":"1 minuto"},"schema":{"@context":"https:\/\/schema.org","@graph":[{"@type":"WebPage","@id":"https:\/\/bagy.com.br\/site\/obrigado-prime\/","url":"https:\/\/bagy.com.br\/site\/obrigado-prime\/","name":"Falta mais um passo para confirmar sua inscri\u00e7\u00e3o!","isPartOf":{"@id":"https:\/\/bagy.com.br\/site\/#website"},"primaryImageOfPage":{"@id":"https:\/\/bagy.com.br\/site\/obrigado-prime\/#primaryimage"},"image":{"@id":"https:\/\/bagy.com.br\/site\/obrigado-prime\/#primaryimage"},"thumbnailUrl":"https:\/\/bagy.com.br\/site\/wp-content\/uploads\/2023\/01\/logo-bagy-branco.svg","datePublished":"2026-05-12T17:13:43+00:00","dateModified":"2026-05-12T18:11:58+00:00","breadcrumb":{"@id":"https:\/\/bagy.com.br\/site\/obrigado-prime\/#breadcrumb"},"inLanguage":"pt-BR","potentialAction":[{"@type":"ReadAction","target":["https:\/\/bagy.com.br\/site\/obrigado-prime\/"]}]},{"@type":"ImageObject","inLanguage":"pt-BR","@id":"https:\/\/bagy.com.br\/site\/obrigado-prime\/#primaryimage","url":"https:\/\/bagy.com.br\/site\/wp-content\/uploads\/2023\/01\/logo-bagy-branco.svg","contentUrl":"https:\/\/bagy.com.br\/site\/wp-content\/uploads\/2023\/01\/logo-bagy-branco.svg","width":546,"height":218},{"@type":"BreadcrumbList","@id":"https:\/\/bagy.com.br\/site\/obrigado-prime\/#breadcrumb","itemListElement":[{"@type":"ListItem","position":1,"name":"In\u00edcio","item":"https:\/\/bagy.com.br\/site\/"},{"@type":"ListItem","position":2,"name":"[BAGY] Obrigado &#8211; Prime"}]},{"@type":"WebSite","@id":"https:\/\/bagy.com.br\/site\/#website","url":"https:\/\/bagy.com.br\/site\/","name":"Bagy","description":"Tenha sua pr\u00f3pria loja online de uma maneira r\u00e1pida e f\u00e1cil sem precisar ter nenhum conhecimento t\u00e9cnico","publisher":{"@id":"https:\/\/bagy.com.br\/site\/#organization"},"potentialAction":[{"@type":"SearchAction","target":{"@type":"EntryPoint","urlTemplate":"https:\/\/bagy.com.br\/site\/?s={search_term_string}"},"query-input":{"@type":"PropertyValueSpecification","valueRequired":true,"valueName":"search_term_string"}}],"inLanguage":"pt-BR"},{"@type":"Organization","@id":"https:\/\/bagy.com.br\/site\/#organization","name":"Bagy","url":"https:\/\/bagy.com.br\/site\/","logo":{"@type":"ImageObject","inLanguage":"pt-BR","@id":"https:\/\/bagy.com.br\/site\/#\/schema\/logo\/image\/","url":"https:\/\/bagy.com.br\/site\/wp-content\/uploads\/2021\/02\/logo-bagy-rosa.svg","contentUrl":"https:\/\/bagy.com.br\/site\/wp-content\/uploads\/2021\/02\/logo-bagy-rosa.svg","width":130,"height":52,"caption":"Bagy"},"image":{"@id":"https:\/\/bagy.com.br\/site\/#\/schema\/logo\/image\/"}}]}},"_links":{"self":[{"href":"https:\/\/bagy.com.br\/site\/wp-json\/wp\/v2\/pages\/99227","targetHints":{"allow":["GET"]}}],"collection":[{"href":"https:\/\/bagy.com.br\/site\/wp-json\/wp\/v2\/pages"}],"about":[{"href":"https:\/\/bagy.com.br\/site\/wp-json\/wp\/v2\/types\/page"}],"author":[{"embeddable":true,"href":"https:\/\/bagy.com.br\/site\/wp-json\/wp\/v2\/users\/43"}],"replies":[{"embeddable":true,"href":"https:\/\/bagy.com.br\/site\/wp-json\/wp\/v2\/comments?post=99227"}],"version-history":[{"count":5,"href":"https:\/\/bagy.com.br\/site\/wp-json\/wp\/v2\/pages\/99227\/revisions"}],"predecessor-version":[{"id":99236,"href":"https:\/\/bagy.com.br\/site\/wp-json\/wp\/v2\/pages\/99227\/revisions\/99236"}],"wp:attachment":[{"href":"https:\/\/bagy.com.br\/site\/wp-json\/wp\/v2\/media?parent=99227"}],"curies":[{"name":"wp","href":"https:\/\/api.w.org\/{rel}","templated":true}]}}