{"id":99079,"date":"2026-04-09T14:30:05","date_gmt":"2026-04-09T17:30:05","guid":{"rendered":"https:\/\/bagy.com.br\/site\/?page_id=99079"},"modified":"2026-04-09T14:57:13","modified_gmt":"2026-04-09T17:57:13","slug":"forms-especialista","status":"publish","type":"page","link":"https:\/\/bagy.com.br\/site\/forms-especialista\/","title":{"rendered":"[BAGY] LP Forms Especialista"},"content":{"rendered":"\t\t<div data-elementor-type=\"wp-page\" data-elementor-id=\"99079\" class=\"elementor elementor-99079\" data-elementor-settings=\"{&quot;ha_cmc_init_switcher&quot;:&quot;no&quot;}\" data-elementor-post-type=\"page\">\n\t\t\t\t<div class=\"elementor-element elementor-element-c293874 e-flex e-con-boxed e-con e-parent\" data-id=\"c293874\" data-element_type=\"container\" data-settings=\"{&quot;background_background&quot;:&quot;classic&quot;}\">\n\t\t\t\t\t<div class=\"e-con-inner\">\n\t\t<div class=\"elementor-element elementor-element-9886f0f e-con-full e-flex e-con e-child\" data-id=\"9886f0f\" data-element_type=\"container\">\n\t\t<div class=\"elementor-element elementor-element-6c7fe8c e-con-full e-flex e-con e-child\" data-id=\"6c7fe8c\" data-element_type=\"container\">\n\t\t\t\t<div class=\"elementor-element elementor-element-30f45c2 elementor-widget elementor-widget-image\" data-id=\"30f45c2\" data-element_type=\"widget\" data-widget_type=\"image.default\">\n\t\t\t\t<div class=\"elementor-widget-container\">\n\t\t\t\t\t\t\t\t\t\t\t\t\t\t\t<img decoding=\"async\" width=\"105\" height=\"43\" src=\"https:\/\/bagy.com.br\/site\/wp-content\/uploads\/2024\/10\/LOGO-BAGY-SVG.svg\" class=\"attachment-large size-large wp-image-79717\" alt=\"\" \/>\t\t\t\t\t\t\t\t\t\t\t\t\t\t\t<\/div>\n\t\t\t\t<\/div>\n\t\t\t\t<\/div>\n\t\t<div class=\"elementor-element elementor-element-53ba9a8 e-con-full e-flex e-con e-child\" data-id=\"53ba9a8\" data-element_type=\"container\">\n\t\t\t\t<div class=\"elementor-element elementor-element-7b83cd8 elementor-widget elementor-widget-heading\" data-id=\"7b83cd8\" data-element_type=\"widget\" data-widget_type=\"heading.default\">\n\t\t\t\t<div class=\"elementor-widget-container\">\n\t\t\t\t\t<h2 class=\"elementor-heading-title elementor-size-default\">Quer come\u00e7ar a vender online, mas ainda n\u00e3o sabe como? A gente te mostra o caminho.<\/h2>\t\t\t\t<\/div>\n\t\t\t\t<\/div>\n\t\t\t\t<div class=\"elementor-element elementor-element-4f8464d elementor-widget elementor-widget-heading\" data-id=\"4f8464d\" data-element_type=\"widget\" data-widget_type=\"heading.default\">\n\t\t\t\t<div class=\"elementor-widget-container\">\n\t\t\t\t\t<h2 class=\"elementor-heading-title elementor-size-default\">Preencha seus dados e fale com um especialista Bagy direto no WhatsApp. Sem complica\u00e7\u00e3o, s\u00f3 o que voc\u00ea precisa para come\u00e7ar a vender de verdade.<\/h2>\t\t\t\t<\/div>\n\t\t\t\t<\/div>\n\t\t\t\t<\/div>\n\t\t<div class=\"elementor-element elementor-element-67f4deb e-con-full e-flex e-con e-child\" data-id=\"67f4deb\" data-element_type=\"container\" data-settings=\"{&quot;background_background&quot;:&quot;classic&quot;}\">\n\t\t\t\t<div class=\"elementor-element elementor-element-e8b9cbd elementor-widget elementor-widget-html\" data-id=\"e8b9cbd\" data-element_type=\"widget\" data-widget_type=\"html.default\">\n\t\t\t\t<div class=\"elementor-widget-container\">\n\t\t\t\t\t<script charset=\"utf-8\" type=\"text\/javascript\" src=\"\/\/js.hsforms.net\/forms\/embed\/v2.js\"><\/script>\n<script>\n\u00a0\u00a0hbspt.forms.create({\n\u00a0\u00a0\u00a0\u00a0portalId: \"23564989\",\n\u00a0\u00a0\u00a0\u00a0formId: \"ff6edc07-8385-4de6-8fcc-91596d677c14\",\n\u00a0\u00a0\u00a0\u00a0region: \"na1\"\n\u00a0\u00a0});\n<\/script>\t\t\t\t<\/div>\n\t\t\t\t<\/div>\n\t\t\t\t<\/div>\n\t\t\t\t<\/div>\n\t\t<div class=\"elementor-element elementor-element-77d1be3 e-con-full e-flex e-con e-child\" data-id=\"77d1be3\" data-element_type=\"container\">\n\t\t\t\t<div class=\"elementor-element elementor-element-488afab elementor-widget elementor-widget-image\" data-id=\"488afab\" data-element_type=\"widget\" data-widget_type=\"image.default\">\n\t\t\t\t<div class=\"elementor-widget-container\">\n\t\t\t\t\t\t\t\t\t\t\t\t\t\t\t<img fetchpriority=\"high\" decoding=\"async\" width=\"565\" height=\"602\" src=\"https:\/\/bagy.com.br\/site\/wp-content\/uploads\/2026\/04\/forms-especialista-header-1.png\" class=\"attachment-large size-large wp-image-99075\" alt=\"\" srcset=\"https:\/\/bagy.com.br\/site\/wp-content\/uploads\/2026\/04\/forms-especialista-header-1.png 565w, https:\/\/bagy.com.br\/site\/wp-content\/uploads\/2026\/04\/forms-especialista-header-1-282x300.png 282w\" sizes=\"(max-width: 565px) 100vw, 565px\" \/>\t\t\t\t\t\t\t\t\t\t\t\t\t\t\t<\/div>\n\t\t\t\t<\/div>\n\t\t\t\t<\/div>\n\t\t\t\t\t<\/div>\n\t\t\t\t<\/div>\n\t\t\t\t<\/div>\n\t\t","protected":false},"excerpt":{"rendered":"<p>Quer come\u00e7ar a vender online, mas ainda n\u00e3o sabe como? A gente te mostra o caminho. Preencha seus dados e fale com um especialista Bagy direto no WhatsApp. Sem complica\u00e7\u00e3o, s\u00f3 o que voc\u00ea precisa para come\u00e7ar a vender de verdade.<\/p>\n","protected":false},"author":43,"featured_media":0,"parent":0,"menu_order":0,"comment_status":"closed","ping_status":"closed","template":"","meta":{"footnotes":""},"class_list":["post-99079","page","type-page","status-publish","hentry"],"yoast_head":"<!-- This site is optimized with the Yoast SEO plugin v26.3 - https:\/\/yoast.com\/wordpress\/plugins\/seo\/ -->\n<title>[BAGY] LP Forms Especialista - Bagy<\/title>\n<meta name=\"robots\" content=\"index, follow, max-snippet:-1, max-image-preview:large, max-video-preview:-1\" \/>\n<link rel=\"canonical\" href=\"https:\/\/bagy.com.br\/site\/forms-especialista\/\" \/>\n<meta property=\"og:locale\" content=\"pt_BR\" \/>\n<meta property=\"og:type\" content=\"article\" \/>\n<meta property=\"og:title\" content=\"[BAGY] LP Forms Especialista - Bagy\" \/>\n<meta property=\"og:description\" content=\"Quer come\u00e7ar a vender online, mas ainda n\u00e3o sabe como? A gente te mostra o caminho. Preencha seus dados e fale com um especialista Bagy direto no WhatsApp. Sem complica\u00e7\u00e3o, s\u00f3 o que voc\u00ea precisa para come\u00e7ar a vender de verdade.\" \/>\n<meta property=\"og:url\" content=\"https:\/\/bagy.com.br\/site\/forms-especialista\/\" \/>\n<meta property=\"og:site_name\" content=\"Bagy\" \/>\n<meta property=\"article:modified_time\" content=\"2026-04-09T17:57:13+00:00\" \/>\n<meta name=\"twitter:card\" content=\"summary_large_image\" \/>\n<meta name=\"twitter:label1\" content=\"Est. tempo de leitura\" \/>\n\t<meta name=\"twitter:data1\" content=\"1 minuto\" \/>\n<script type=\"application\/ld+json\" class=\"yoast-schema-graph\">{\"@context\":\"https:\/\/schema.org\",\"@graph\":[{\"@type\":\"WebPage\",\"@id\":\"https:\/\/bagy.com.br\/site\/forms-especialista\/\",\"url\":\"https:\/\/bagy.com.br\/site\/forms-especialista\/\",\"name\":\"[BAGY] LP Forms Especialista - Bagy\",\"isPartOf\":{\"@id\":\"https:\/\/bagy.com.br\/site\/#website\"},\"primaryImageOfPage\":{\"@id\":\"https:\/\/bagy.com.br\/site\/forms-especialista\/#primaryimage\"},\"image\":{\"@id\":\"https:\/\/bagy.com.br\/site\/forms-especialista\/#primaryimage\"},\"thumbnailUrl\":\"https:\/\/bagy.com.br\/site\/wp-content\/uploads\/2024\/10\/LOGO-BAGY-SVG.svg\",\"datePublished\":\"2026-04-09T17:30:05+00:00\",\"dateModified\":\"2026-04-09T17:57:13+00:00\",\"breadcrumb\":{\"@id\":\"https:\/\/bagy.com.br\/site\/forms-especialista\/#breadcrumb\"},\"inLanguage\":\"pt-BR\",\"potentialAction\":[{\"@type\":\"ReadAction\",\"target\":[\"https:\/\/bagy.com.br\/site\/forms-especialista\/\"]}]},{\"@type\":\"ImageObject\",\"inLanguage\":\"pt-BR\",\"@id\":\"https:\/\/bagy.com.br\/site\/forms-especialista\/#primaryimage\",\"url\":\"https:\/\/bagy.com.br\/site\/wp-content\/uploads\/2024\/10\/LOGO-BAGY-SVG.svg\",\"contentUrl\":\"https:\/\/bagy.com.br\/site\/wp-content\/uploads\/2024\/10\/LOGO-BAGY-SVG.svg\",\"width\":105,\"height\":43},{\"@type\":\"BreadcrumbList\",\"@id\":\"https:\/\/bagy.com.br\/site\/forms-especialista\/#breadcrumb\",\"itemListElement\":[{\"@type\":\"ListItem\",\"position\":1,\"name\":\"In\u00edcio\",\"item\":\"https:\/\/bagy.com.br\/site\/\"},{\"@type\":\"ListItem\",\"position\":2,\"name\":\"[BAGY] LP Forms Especialista\"}]},{\"@type\":\"WebSite\",\"@id\":\"https:\/\/bagy.com.br\/site\/#website\",\"url\":\"https:\/\/bagy.com.br\/site\/\",\"name\":\"Bagy\",\"description\":\"Tenha sua pr\u00f3pria loja online de uma maneira r\u00e1pida e f\u00e1cil sem precisar ter nenhum conhecimento t\u00e9cnico\",\"publisher\":{\"@id\":\"https:\/\/bagy.com.br\/site\/#organization\"},\"potentialAction\":[{\"@type\":\"SearchAction\",\"target\":{\"@type\":\"EntryPoint\",\"urlTemplate\":\"https:\/\/bagy.com.br\/site\/?s={search_term_string}\"},\"query-input\":{\"@type\":\"PropertyValueSpecification\",\"valueRequired\":true,\"valueName\":\"search_term_string\"}}],\"inLanguage\":\"pt-BR\"},{\"@type\":\"Organization\",\"@id\":\"https:\/\/bagy.com.br\/site\/#organization\",\"name\":\"Bagy\",\"url\":\"https:\/\/bagy.com.br\/site\/\",\"logo\":{\"@type\":\"ImageObject\",\"inLanguage\":\"pt-BR\",\"@id\":\"https:\/\/bagy.com.br\/site\/#\/schema\/logo\/image\/\",\"url\":\"https:\/\/bagy.com.br\/site\/wp-content\/uploads\/2021\/02\/logo-bagy-rosa.svg\",\"contentUrl\":\"https:\/\/bagy.com.br\/site\/wp-content\/uploads\/2021\/02\/logo-bagy-rosa.svg\",\"width\":130,\"height\":52,\"caption\":\"Bagy\"},\"image\":{\"@id\":\"https:\/\/bagy.com.br\/site\/#\/schema\/logo\/image\/\"}}]}<\/script>\n<!-- \/ Yoast SEO plugin. -->","yoast_head_json":{"title":"[BAGY] LP Forms Especialista - Bagy","robots":{"index":"index","follow":"follow","max-snippet":"max-snippet:-1","max-image-preview":"max-image-preview:large","max-video-preview":"max-video-preview:-1"},"canonical":"https:\/\/bagy.com.br\/site\/forms-especialista\/","og_locale":"pt_BR","og_type":"article","og_title":"[BAGY] LP Forms Especialista - Bagy","og_description":"Quer come\u00e7ar a vender online, mas ainda n\u00e3o sabe como? A gente te mostra o caminho. Preencha seus dados e fale com um especialista Bagy direto no WhatsApp. Sem complica\u00e7\u00e3o, s\u00f3 o que voc\u00ea precisa para come\u00e7ar a vender de verdade.","og_url":"https:\/\/bagy.com.br\/site\/forms-especialista\/","og_site_name":"Bagy","article_modified_time":"2026-04-09T17:57:13+00:00","twitter_card":"summary_large_image","twitter_misc":{"Est. tempo de leitura":"1 minuto"},"schema":{"@context":"https:\/\/schema.org","@graph":[{"@type":"WebPage","@id":"https:\/\/bagy.com.br\/site\/forms-especialista\/","url":"https:\/\/bagy.com.br\/site\/forms-especialista\/","name":"[BAGY] LP Forms Especialista - Bagy","isPartOf":{"@id":"https:\/\/bagy.com.br\/site\/#website"},"primaryImageOfPage":{"@id":"https:\/\/bagy.com.br\/site\/forms-especialista\/#primaryimage"},"image":{"@id":"https:\/\/bagy.com.br\/site\/forms-especialista\/#primaryimage"},"thumbnailUrl":"https:\/\/bagy.com.br\/site\/wp-content\/uploads\/2024\/10\/LOGO-BAGY-SVG.svg","datePublished":"2026-04-09T17:30:05+00:00","dateModified":"2026-04-09T17:57:13+00:00","breadcrumb":{"@id":"https:\/\/bagy.com.br\/site\/forms-especialista\/#breadcrumb"},"inLanguage":"pt-BR","potentialAction":[{"@type":"ReadAction","target":["https:\/\/bagy.com.br\/site\/forms-especialista\/"]}]},{"@type":"ImageObject","inLanguage":"pt-BR","@id":"https:\/\/bagy.com.br\/site\/forms-especialista\/#primaryimage","url":"https:\/\/bagy.com.br\/site\/wp-content\/uploads\/2024\/10\/LOGO-BAGY-SVG.svg","contentUrl":"https:\/\/bagy.com.br\/site\/wp-content\/uploads\/2024\/10\/LOGO-BAGY-SVG.svg","width":105,"height":43},{"@type":"BreadcrumbList","@id":"https:\/\/bagy.com.br\/site\/forms-especialista\/#breadcrumb","itemListElement":[{"@type":"ListItem","position":1,"name":"In\u00edcio","item":"https:\/\/bagy.com.br\/site\/"},{"@type":"ListItem","position":2,"name":"[BAGY] LP Forms Especialista"}]},{"@type":"WebSite","@id":"https:\/\/bagy.com.br\/site\/#website","url":"https:\/\/bagy.com.br\/site\/","name":"Bagy","description":"Tenha sua pr\u00f3pria loja online de uma maneira r\u00e1pida e f\u00e1cil sem precisar ter nenhum conhecimento t\u00e9cnico","publisher":{"@id":"https:\/\/bagy.com.br\/site\/#organization"},"potentialAction":[{"@type":"SearchAction","target":{"@type":"EntryPoint","urlTemplate":"https:\/\/bagy.com.br\/site\/?s={search_term_string}"},"query-input":{"@type":"PropertyValueSpecification","valueRequired":true,"valueName":"search_term_string"}}],"inLanguage":"pt-BR"},{"@type":"Organization","@id":"https:\/\/bagy.com.br\/site\/#organization","name":"Bagy","url":"https:\/\/bagy.com.br\/site\/","logo":{"@type":"ImageObject","inLanguage":"pt-BR","@id":"https:\/\/bagy.com.br\/site\/#\/schema\/logo\/image\/","url":"https:\/\/bagy.com.br\/site\/wp-content\/uploads\/2021\/02\/logo-bagy-rosa.svg","contentUrl":"https:\/\/bagy.com.br\/site\/wp-content\/uploads\/2021\/02\/logo-bagy-rosa.svg","width":130,"height":52,"caption":"Bagy"},"image":{"@id":"https:\/\/bagy.com.br\/site\/#\/schema\/logo\/image\/"}}]}},"_links":{"self":[{"href":"https:\/\/bagy.com.br\/site\/wp-json\/wp\/v2\/pages\/99079","targetHints":{"allow":["GET"]}}],"collection":[{"href":"https:\/\/bagy.com.br\/site\/wp-json\/wp\/v2\/pages"}],"about":[{"href":"https:\/\/bagy.com.br\/site\/wp-json\/wp\/v2\/types\/page"}],"author":[{"embeddable":true,"href":"https:\/\/bagy.com.br\/site\/wp-json\/wp\/v2\/users\/43"}],"replies":[{"embeddable":true,"href":"https:\/\/bagy.com.br\/site\/wp-json\/wp\/v2\/comments?post=99079"}],"version-history":[{"count":5,"href":"https:\/\/bagy.com.br\/site\/wp-json\/wp\/v2\/pages\/99079\/revisions"}],"predecessor-version":[{"id":99127,"href":"https:\/\/bagy.com.br\/site\/wp-json\/wp\/v2\/pages\/99079\/revisions\/99127"}],"wp:attachment":[{"href":"https:\/\/bagy.com.br\/site\/wp-json\/wp\/v2\/media?parent=99079"}],"curies":[{"name":"wp","href":"https:\/\/api.w.org\/{rel}","templated":true}]}}