{"id":99031,"date":"2026-04-07T10:37:20","date_gmt":"2026-04-07T13:37:20","guid":{"rendered":"https:\/\/bagy.com.br\/site\/?page_id=99031"},"modified":"2026-04-07T10:49:09","modified_gmt":"2026-04-07T13:49:09","slug":"obrigado-funil-drop","status":"publish","type":"page","link":"https:\/\/bagy.com.br\/site\/obrigado-funil-drop\/","title":{"rendered":"[BAGY] Obrigado &#8211; Funil Drop Perp\u00e9tuo"},"content":{"rendered":"\t\t<div data-elementor-type=\"wp-page\" data-elementor-id=\"99031\" class=\"elementor elementor-99031\" data-elementor-settings=\"{&quot;ha_cmc_init_switcher&quot;:&quot;no&quot;}\" data-elementor-post-type=\"page\">\n\t\t\t\t<div class=\"elementor-element elementor-element-b376137 e-flex e-con-boxed e-con e-parent\" data-id=\"b376137\" data-element_type=\"container\" data-settings=\"{&quot;background_background&quot;:&quot;classic&quot;}\">\n\t\t\t\t\t<div class=\"e-con-inner\">\n\t\t<div class=\"elementor-element elementor-element-22d97af e-con-full e-flex e-con e-child\" data-id=\"22d97af\" data-element_type=\"container\">\n\t\t\t\t<div class=\"elementor-element elementor-element-c6cf3d5 elementor-widget elementor-widget-image\" data-id=\"c6cf3d5\" data-element_type=\"widget\" data-widget_type=\"image.default\">\n\t\t\t\t<div class=\"elementor-widget-container\">\n\t\t\t\t\t\t\t\t\t\t\t\t\t\t\t<img fetchpriority=\"high\" decoding=\"async\" width=\"546\" height=\"218\" src=\"https:\/\/bagy.com.br\/site\/wp-content\/uploads\/2023\/01\/logo-bagy-branco.svg\" class=\"attachment-large size-large wp-image-34340\" alt=\"\" \/>\t\t\t\t\t\t\t\t\t\t\t\t\t\t\t<\/div>\n\t\t\t\t<\/div>\n\t\t\t\t<div class=\"elementor-element elementor-element-410c0b6 elementor-widget__width-inherit elementor-widget elementor-widget-heading\" data-id=\"410c0b6\" data-element_type=\"widget\" data-widget_type=\"heading.default\">\n\t\t\t\t<div class=\"elementor-widget-container\">\n\t\t\t\t\t<h2 class=\"elementor-heading-title elementor-size-default\">Voc\u00ea est\u00e1 a um passo de vender com a Bagy!<\/h2>\t\t\t\t<\/div>\n\t\t\t\t<\/div>\n\t\t\t\t<div class=\"elementor-element elementor-element-e29e711 elementor-absolute elementor-widget elementor-widget-html\" data-id=\"e29e711\" data-element_type=\"widget\" data-settings=\"{&quot;_position&quot;:&quot;absolute&quot;}\" data-widget_type=\"html.default\">\n\t\t\t\t<div class=\"elementor-widget-container\">\n\t\t\t\t\t<script>\n(function () {\n  \/\/ --- CONFIGURA\u00c7\u00d5ES ---\n  var lambdaUrl = \"https:\/\/4zlbaignir3ucgffwtlc2dw3o40wbxyy.lambda-url.us-east-1.on.aws\/\";\n  var redirectAfterSeconds = 3; \/\/ Tempo at\u00e9 o redirecionamento autom\u00e1tico\n  var whatsappPhone = \"553197459520\";\n\n  \/\/ --- FUN\u00c7\u00d5ES AUXILIARES ---\n  function generateUUIDv1() {\n    var now = new Date().getTime();\n    return 'xxxxxxxx-xxxx-1xxx-yxxx-xxxxxxxxxxxx'.replace(\/[xy]\/g, function(c) {\n      var r = (now + Math.random() * 16) % 16 | 0;\n      now = Math.floor(now \/ 16);\n      return (c === 'x' ? r : (r & 0x3 | 0x8)).toString(16);\n    });\n  }\n\n  function crc32(str) {\n    var crcTable = window.crcTable || (window.crcTable = (function () {\n      var c, crcTable = [];\n      for (var n = 0; n < 256; n++) {\n        c = n;\n        for (var k = 0; k < 8; k++) {\n          c = ((c & 1) ? (0xEDB88320 ^ (c >>> 1)) : (c >>> 1));\n        }\n        crcTable[n] = c;\n      }\n      return crcTable;\n    })());\n\n    var crc = 0 ^ (-1);\n    for (var i = 0; i < str.length; i++) {\n      crc = (crc >>> 8) ^ crcTable[(crc ^ str.charCodeAt(i)) & 0xFF];\n    }\n    return (crc ^ (-1)) >>> 0;\n  }\n\n  function getParam(name) {\n    var match = new RegExp('[?&]' + name + '=([^&#]*)').exec(window.location.href);\n    return match && decodeURIComponent(match[1]) || null;\n  }\n\n  function getOrCreateProtocol() {\n    try {\n      var saved = sessionStorage.getItem('bagy_protocol');\n      if (saved) return saved;\n    } catch (e) {}\n\n    var protocol = crc32(generateUUIDv1()).toString();\n    try {\n      sessionStorage.setItem('bagy_protocol', protocol);\n    } catch (e) {}\n\n    return protocol;\n  }\n\n  function buildWhatsAppUrl(protocol) {\n    \/\/ FRASE ATUALIZADA AQUI:\n    var message = \"Quero criar minha loja sem estoque! Meu protocolo \u00e9 \" + protocol + \".\"\n    return \"https:\/\/api.whatsapp.com\/send\/?phone=\" + whatsappPhone + \"&text=\" + encodeURIComponent(message);\n  }\n\n  \/\/ --- MANIPULA\u00c7\u00c3O DO DOM ---\n  function updateWhatsAppLinks(url) {\n    var links = document.querySelectorAll('a[href*=\"wa.me\"], a[href*=\"w.app\"], a[href*=\"api.whatsapp.com\"], a[href*=\"' + whatsappPhone + '\"]');\n    links.forEach(function (link) {\n      try { link.setAttribute('href', url); } catch (e) {}\n    });\n  }\n\n  \/\/ --- EXECU\u00c7\u00c3O PRINCIPAL ---\n  function init() {\n    var protocol = window.protocol || getOrCreateProtocol();\n    window.protocol = protocol; \/\/ Torna global por seguran\u00e7a\n    \n    var redirectUrl = buildWhatsAppUrl(protocol);\n\n    \/\/ 1. Atualiza instantaneamente qualquer bot\u00e3o do WhatsApp existente na p\u00e1gina\n    updateWhatsAppLinks(redirectUrl);\n\n    \/\/ Continua verificando se novos bot\u00f5es foram carregados (\u00fatil para page builders)\n    var observer = new MutationObserver(function () { updateWhatsAppLinks(redirectUrl); });\n    observer.observe(document.documentElement, { childList: true, subtree: true });\n    setTimeout(function () { observer.disconnect(); }, 10000); \/\/ Para de observar ap\u00f3s 10s\n\n    \/\/ 2. Prepara o Payload para o AWS Lambda\n    var payload = {\n      protocol: protocol,\n      utm_source: getParam(\"utm_source\"),\n      utm_medium: getParam(\"utm_medium\"),\n      utm_campaign: getParam(\"utm_campaign\")\n    };\n\n    var redirected = false;\n    function doRedirect() {\n      if (!redirected) {\n        redirected = true;\n        window.location.href = redirectUrl;\n      }\n    }\n\n    \/\/ 3. Envia os dados e lida com o redirecionamento ap\u00f3s X segundos\n    setTimeout(function() {\n      \/\/ Fallback: Se o fetch travar, redireciona de qualquer forma ap\u00f3s 2 segundos\n      var fallbackTimeout = setTimeout(doRedirect, 2000);\n\n      \/\/ Tenta enviar os dados para a AWS\n      fetch(lambdaUrl, {\n        method: \"POST\",\n        headers: { \"Content-Type\": \"application\/json\" },\n        body: JSON.stringify(payload)\n      })\n      .then(function () {\n        clearTimeout(fallbackTimeout);\n        doRedirect();\n      })\n      .catch(function (err) {\n        console.warn(\"Falha ao registrar na Lambda, prosseguindo com o redirecionamento...\", err);\n        clearTimeout(fallbackTimeout);\n        doRedirect();\n      });\n\n    }, redirectAfterSeconds * 1000);\n  }\n\n  \/\/ Executa com seguran\u00e7a\n  if (document.readyState === 'loading') {\n    document.addEventListener('DOMContentLoaded', init);\n  } else {\n    init();\n  }\n})();\n<\/script>\t\t\t\t<\/div>\n\t\t\t\t<\/div>\n\t\t<div class=\"elementor-element elementor-element-426fb05 e-con-full e-flex e-con e-child\" data-id=\"426fb05\" data-element_type=\"container\">\n\t\t\t\t<div class=\"elementor-element elementor-element-629841e elementor-widget elementor-widget-heading\" data-id=\"629841e\" data-element_type=\"widget\" data-widget_type=\"heading.default\">\n\t\t\t\t<div class=\"elementor-widget-container\">\n\t\t\t\t\t<h2 class=\"elementor-heading-title elementor-size-default\">Voc\u00ea ser\u00e1 redirecionado para o Atendimento Exclusivo em 7s<\/h2>\t\t\t\t<\/div>\n\t\t\t\t<\/div>\n\t\t\t\t<div class=\"elementor-element elementor-element-d78fe7e elementor-widget elementor-widget-progress\" data-id=\"d78fe7e\" data-element_type=\"widget\" data-widget_type=\"progress.default\">\n\t\t\t\t<div class=\"elementor-widget-container\">\n\t\t\t\t\t\n\t\t<div class=\"elementor-progress-wrapper\" role=\"progressbar\" aria-valuemin=\"0\" aria-valuemax=\"100\" aria-valuenow=\"90\">\n\t\t\t<div class=\"elementor-progress-bar\" data-max=\"90\">\n\t\t\t\t<span class=\"elementor-progress-text\"><\/span>\n\t\t\t\t\t\t\t\t\t<span class=\"elementor-progress-percentage\">90%<\/span>\n\t\t\t\t\t\t\t<\/div>\n\t\t<\/div>\n\t\t\t\t\t\t<\/div>\n\t\t\t\t<\/div>\n\t\t\t\t<\/div>\n\t\t\t\t<\/div>\n\t\t\t\t\t<\/div>\n\t\t\t\t<\/div>\n\t\t\t\t<\/div>\n\t\t","protected":false},"excerpt":{"rendered":"<p>Voc\u00ea est\u00e1 a um passo de vender com a Bagy! Voc\u00ea ser\u00e1 redirecionado para o Atendimento Exclusivo em 7s 90%<\/p>\n","protected":false},"author":53,"featured_media":0,"parent":0,"menu_order":0,"comment_status":"closed","ping_status":"closed","template":"","meta":{"footnotes":""},"class_list":["post-99031","page","type-page","status-publish","hentry"],"yoast_head":"<!-- This site is optimized with the Yoast SEO plugin v26.3 - https:\/\/yoast.com\/wordpress\/plugins\/seo\/ -->\n<title>Falta mais um passo para confirmar sua inscri\u00e7\u00e3o!<\/title>\n<meta name=\"robots\" content=\"index, follow, max-snippet:-1, max-image-preview:large, max-video-preview:-1\" \/>\n<link rel=\"canonical\" href=\"https:\/\/bagy.com.br\/site\/obrigado-funil-drop\/\" \/>\n<meta property=\"og:locale\" content=\"pt_BR\" \/>\n<meta property=\"og:type\" content=\"article\" \/>\n<meta property=\"og:title\" content=\"Falta mais um passo para confirmar sua inscri\u00e7\u00e3o!\" \/>\n<meta property=\"og:description\" content=\"Voc\u00ea est\u00e1 a um passo de vender com a Bagy! Voc\u00ea ser\u00e1 redirecionado para o Atendimento Exclusivo em 7s 90%\" \/>\n<meta property=\"og:url\" content=\"https:\/\/bagy.com.br\/site\/obrigado-funil-drop\/\" \/>\n<meta property=\"og:site_name\" content=\"Bagy\" \/>\n<meta property=\"article:modified_time\" content=\"2026-04-07T13:49:09+00:00\" \/>\n<meta name=\"twitter:card\" content=\"summary_large_image\" \/>\n<meta name=\"twitter:label1\" content=\"Est. tempo de leitura\" \/>\n\t<meta name=\"twitter:data1\" content=\"1 minuto\" \/>\n<script type=\"application\/ld+json\" class=\"yoast-schema-graph\">{\"@context\":\"https:\/\/schema.org\",\"@graph\":[{\"@type\":\"WebPage\",\"@id\":\"https:\/\/bagy.com.br\/site\/obrigado-funil-drop\/\",\"url\":\"https:\/\/bagy.com.br\/site\/obrigado-funil-drop\/\",\"name\":\"Falta mais um passo para confirmar sua inscri\u00e7\u00e3o!\",\"isPartOf\":{\"@id\":\"https:\/\/bagy.com.br\/site\/#website\"},\"primaryImageOfPage\":{\"@id\":\"https:\/\/bagy.com.br\/site\/obrigado-funil-drop\/#primaryimage\"},\"image\":{\"@id\":\"https:\/\/bagy.com.br\/site\/obrigado-funil-drop\/#primaryimage\"},\"thumbnailUrl\":\"https:\/\/bagy.com.br\/site\/wp-content\/uploads\/2023\/01\/logo-bagy-branco.svg\",\"datePublished\":\"2026-04-07T13:37:20+00:00\",\"dateModified\":\"2026-04-07T13:49:09+00:00\",\"breadcrumb\":{\"@id\":\"https:\/\/bagy.com.br\/site\/obrigado-funil-drop\/#breadcrumb\"},\"inLanguage\":\"pt-BR\",\"potentialAction\":[{\"@type\":\"ReadAction\",\"target\":[\"https:\/\/bagy.com.br\/site\/obrigado-funil-drop\/\"]}]},{\"@type\":\"ImageObject\",\"inLanguage\":\"pt-BR\",\"@id\":\"https:\/\/bagy.com.br\/site\/obrigado-funil-drop\/#primaryimage\",\"url\":\"https:\/\/bagy.com.br\/site\/wp-content\/uploads\/2023\/01\/logo-bagy-branco.svg\",\"contentUrl\":\"https:\/\/bagy.com.br\/site\/wp-content\/uploads\/2023\/01\/logo-bagy-branco.svg\",\"width\":546,\"height\":218},{\"@type\":\"BreadcrumbList\",\"@id\":\"https:\/\/bagy.com.br\/site\/obrigado-funil-drop\/#breadcrumb\",\"itemListElement\":[{\"@type\":\"ListItem\",\"position\":1,\"name\":\"In\u00edcio\",\"item\":\"https:\/\/bagy.com.br\/site\/\"},{\"@type\":\"ListItem\",\"position\":2,\"name\":\"[BAGY] Obrigado &#8211; Funil Drop Perp\u00e9tuo\"}]},{\"@type\":\"WebSite\",\"@id\":\"https:\/\/bagy.com.br\/site\/#website\",\"url\":\"https:\/\/bagy.com.br\/site\/\",\"name\":\"Bagy\",\"description\":\"Tenha sua pr\u00f3pria loja online de uma maneira r\u00e1pida e f\u00e1cil sem precisar ter nenhum conhecimento t\u00e9cnico\",\"publisher\":{\"@id\":\"https:\/\/bagy.com.br\/site\/#organization\"},\"potentialAction\":[{\"@type\":\"SearchAction\",\"target\":{\"@type\":\"EntryPoint\",\"urlTemplate\":\"https:\/\/bagy.com.br\/site\/?s={search_term_string}\"},\"query-input\":{\"@type\":\"PropertyValueSpecification\",\"valueRequired\":true,\"valueName\":\"search_term_string\"}}],\"inLanguage\":\"pt-BR\"},{\"@type\":\"Organization\",\"@id\":\"https:\/\/bagy.com.br\/site\/#organization\",\"name\":\"Bagy\",\"url\":\"https:\/\/bagy.com.br\/site\/\",\"logo\":{\"@type\":\"ImageObject\",\"inLanguage\":\"pt-BR\",\"@id\":\"https:\/\/bagy.com.br\/site\/#\/schema\/logo\/image\/\",\"url\":\"https:\/\/bagy.com.br\/site\/wp-content\/uploads\/2021\/02\/logo-bagy-rosa.svg\",\"contentUrl\":\"https:\/\/bagy.com.br\/site\/wp-content\/uploads\/2021\/02\/logo-bagy-rosa.svg\",\"width\":130,\"height\":52,\"caption\":\"Bagy\"},\"image\":{\"@id\":\"https:\/\/bagy.com.br\/site\/#\/schema\/logo\/image\/\"}}]}<\/script>\n<!-- \/ Yoast SEO plugin. -->","yoast_head_json":{"title":"Falta mais um passo para confirmar sua inscri\u00e7\u00e3o!","robots":{"index":"index","follow":"follow","max-snippet":"max-snippet:-1","max-image-preview":"max-image-preview:large","max-video-preview":"max-video-preview:-1"},"canonical":"https:\/\/bagy.com.br\/site\/obrigado-funil-drop\/","og_locale":"pt_BR","og_type":"article","og_title":"Falta mais um passo para confirmar sua inscri\u00e7\u00e3o!","og_description":"Voc\u00ea est\u00e1 a um passo de vender com a Bagy! Voc\u00ea ser\u00e1 redirecionado para o Atendimento Exclusivo em 7s 90%","og_url":"https:\/\/bagy.com.br\/site\/obrigado-funil-drop\/","og_site_name":"Bagy","article_modified_time":"2026-04-07T13:49:09+00:00","twitter_card":"summary_large_image","twitter_misc":{"Est. tempo de leitura":"1 minuto"},"schema":{"@context":"https:\/\/schema.org","@graph":[{"@type":"WebPage","@id":"https:\/\/bagy.com.br\/site\/obrigado-funil-drop\/","url":"https:\/\/bagy.com.br\/site\/obrigado-funil-drop\/","name":"Falta mais um passo para confirmar sua inscri\u00e7\u00e3o!","isPartOf":{"@id":"https:\/\/bagy.com.br\/site\/#website"},"primaryImageOfPage":{"@id":"https:\/\/bagy.com.br\/site\/obrigado-funil-drop\/#primaryimage"},"image":{"@id":"https:\/\/bagy.com.br\/site\/obrigado-funil-drop\/#primaryimage"},"thumbnailUrl":"https:\/\/bagy.com.br\/site\/wp-content\/uploads\/2023\/01\/logo-bagy-branco.svg","datePublished":"2026-04-07T13:37:20+00:00","dateModified":"2026-04-07T13:49:09+00:00","breadcrumb":{"@id":"https:\/\/bagy.com.br\/site\/obrigado-funil-drop\/#breadcrumb"},"inLanguage":"pt-BR","potentialAction":[{"@type":"ReadAction","target":["https:\/\/bagy.com.br\/site\/obrigado-funil-drop\/"]}]},{"@type":"ImageObject","inLanguage":"pt-BR","@id":"https:\/\/bagy.com.br\/site\/obrigado-funil-drop\/#primaryimage","url":"https:\/\/bagy.com.br\/site\/wp-content\/uploads\/2023\/01\/logo-bagy-branco.svg","contentUrl":"https:\/\/bagy.com.br\/site\/wp-content\/uploads\/2023\/01\/logo-bagy-branco.svg","width":546,"height":218},{"@type":"BreadcrumbList","@id":"https:\/\/bagy.com.br\/site\/obrigado-funil-drop\/#breadcrumb","itemListElement":[{"@type":"ListItem","position":1,"name":"In\u00edcio","item":"https:\/\/bagy.com.br\/site\/"},{"@type":"ListItem","position":2,"name":"[BAGY] Obrigado &#8211; Funil Drop Perp\u00e9tuo"}]},{"@type":"WebSite","@id":"https:\/\/bagy.com.br\/site\/#website","url":"https:\/\/bagy.com.br\/site\/","name":"Bagy","description":"Tenha sua pr\u00f3pria loja online de uma maneira r\u00e1pida e f\u00e1cil sem precisar ter nenhum conhecimento t\u00e9cnico","publisher":{"@id":"https:\/\/bagy.com.br\/site\/#organization"},"potentialAction":[{"@type":"SearchAction","target":{"@type":"EntryPoint","urlTemplate":"https:\/\/bagy.com.br\/site\/?s={search_term_string}"},"query-input":{"@type":"PropertyValueSpecification","valueRequired":true,"valueName":"search_term_string"}}],"inLanguage":"pt-BR"},{"@type":"Organization","@id":"https:\/\/bagy.com.br\/site\/#organization","name":"Bagy","url":"https:\/\/bagy.com.br\/site\/","logo":{"@type":"ImageObject","inLanguage":"pt-BR","@id":"https:\/\/bagy.com.br\/site\/#\/schema\/logo\/image\/","url":"https:\/\/bagy.com.br\/site\/wp-content\/uploads\/2021\/02\/logo-bagy-rosa.svg","contentUrl":"https:\/\/bagy.com.br\/site\/wp-content\/uploads\/2021\/02\/logo-bagy-rosa.svg","width":130,"height":52,"caption":"Bagy"},"image":{"@id":"https:\/\/bagy.com.br\/site\/#\/schema\/logo\/image\/"}}]}},"_links":{"self":[{"href":"https:\/\/bagy.com.br\/site\/wp-json\/wp\/v2\/pages\/99031","targetHints":{"allow":["GET"]}}],"collection":[{"href":"https:\/\/bagy.com.br\/site\/wp-json\/wp\/v2\/pages"}],"about":[{"href":"https:\/\/bagy.com.br\/site\/wp-json\/wp\/v2\/types\/page"}],"author":[{"embeddable":true,"href":"https:\/\/bagy.com.br\/site\/wp-json\/wp\/v2\/users\/53"}],"replies":[{"embeddable":true,"href":"https:\/\/bagy.com.br\/site\/wp-json\/wp\/v2\/comments?post=99031"}],"version-history":[{"count":5,"href":"https:\/\/bagy.com.br\/site\/wp-json\/wp\/v2\/pages\/99031\/revisions"}],"predecessor-version":[{"id":99041,"href":"https:\/\/bagy.com.br\/site\/wp-json\/wp\/v2\/pages\/99031\/revisions\/99041"}],"wp:attachment":[{"href":"https:\/\/bagy.com.br\/site\/wp-json\/wp\/v2\/media?parent=99031"}],"curies":[{"name":"wp","href":"https:\/\/api.w.org\/{rel}","templated":true}]}}