{"id":84739,"date":"2025-01-23T17:08:59","date_gmt":"2025-01-23T20:08:59","guid":{"rendered":"https:\/\/bagy.com.br\/site\/?page_id=84739"},"modified":"2025-01-23T17:11:07","modified_gmt":"2025-01-23T20:11:07","slug":"obrigado-mercadoshops","status":"publish","type":"page","link":"https:\/\/bagy.com.br\/site\/obrigado-mercadoshops\/","title":{"rendered":"[BAGY] Migre do Mercado Shops &#8211; Obrigado"},"content":{"rendered":"\t\t<div data-elementor-type=\"wp-page\" data-elementor-id=\"84739\" class=\"elementor elementor-84739\" data-elementor-settings=\"{&quot;ha_cmc_init_switcher&quot;:&quot;no&quot;}\" data-elementor-post-type=\"page\">\n\t\t\t\t<div class=\"elementor-element elementor-element-542aa8e e-flex e-con-boxed e-con e-parent\" data-id=\"542aa8e\" data-element_type=\"container\" id=\"forms\" data-settings=\"{&quot;background_background&quot;:&quot;classic&quot;}\">\n\t\t\t\t\t<div class=\"e-con-inner\">\n\t\t<div class=\"elementor-element elementor-element-186535f e-con-full e-flex e-con e-child\" data-id=\"186535f\" data-element_type=\"container\" data-settings=\"{&quot;background_background&quot;:&quot;classic&quot;}\">\n\t\t<div class=\"elementor-element elementor-element-dde14b2 e-con-full e-flex e-con e-child\" data-id=\"dde14b2\" data-element_type=\"container\">\n\t\t\t\t<div class=\"elementor-element elementor-element-05f9458 elementor-widget elementor-widget-heading\" data-id=\"05f9458\" data-element_type=\"widget\" data-widget_type=\"heading.default\">\n\t\t\t\t<div class=\"elementor-widget-container\">\n\t\t\t\t\t<h2 class=\"elementor-heading-title elementor-size-default\">Obrigado!<\/h2>\t\t\t\t<\/div>\n\t\t\t\t<\/div>\n\t\t\t\t<div class=\"elementor-element elementor-element-d1e0c81 elementor-widget elementor-widget-heading\" data-id=\"d1e0c81\" data-element_type=\"widget\" data-widget_type=\"heading.default\">\n\t\t\t\t<div class=\"elementor-widget-container\">\n\t\t\t\t\t<h3 class=\"elementor-heading-title elementor-size-default\">Recebemos suas informa\u00e7\u00f5es e logo mais nossa equipe entrar\u00e1 em contato com voc\u00ea para realizarmos a sua migra\u00e7\u00e3o!<\/h3>\t\t\t\t<\/div>\n\t\t\t\t<\/div>\n\t\t\t\t<div class=\"elementor-element elementor-element-e68c84f elementor-widget elementor-widget-spacer\" data-id=\"e68c84f\" data-element_type=\"widget\" data-widget_type=\"spacer.default\">\n\t\t\t\t<div class=\"elementor-widget-container\">\n\t\t\t\t\t\t\t<div class=\"elementor-spacer\">\n\t\t\t<div class=\"elementor-spacer-inner\"><\/div>\n\t\t<\/div>\n\t\t\t\t\t\t<\/div>\n\t\t\t\t<\/div>\n\t\t\t\t<\/div>\n\t\t<div class=\"elementor-element elementor-element-817d265 e-con-full e-flex e-con e-child\" data-id=\"817d265\" data-element_type=\"container\" data-settings=\"{&quot;background_background&quot;:&quot;classic&quot;}\">\n\t\t\t\t<\/div>\n\t\t\t\t<\/div>\n\t\t\t\t\t<\/div>\n\t\t\t\t<\/div>\n\t\t<div class=\"elementor-element elementor-element-031f276 e-flex e-con-boxed e-con e-child\" data-id=\"031f276\" data-element_type=\"container\" data-settings=\"{&quot;background_background&quot;:&quot;classic&quot;}\">\n\t\t\t\t\t<div class=\"e-con-inner\">\n\t\t\t\t<div class=\"elementor-element elementor-element-717e2bc elementor-widget elementor-widget-template\" data-id=\"717e2bc\" data-element_type=\"widget\" data-widget_type=\"template.default\">\n\t\t\t\t<div class=\"elementor-widget-container\">\n\t\t\t\t\t\t\t<div class=\"elementor-template\">\n\t\t\t\t\t<footer data-elementor-type=\"footer\" data-elementor-id=\"53420\" class=\"elementor elementor-53420\" data-elementor-settings=\"{&quot;ha_cmc_init_switcher&quot;:&quot;no&quot;}\" data-elementor-post-type=\"elementor_library\">\n\t\t\t<div class=\"elementor-element elementor-element-dbf9ad6 e-flex e-con-boxed e-con e-parent\" data-id=\"dbf9ad6\" data-element_type=\"container\">\n\t\t\t\t\t<div class=\"e-con-inner\">\n\t\t\t\t<div class=\"elementor-element elementor-element-1f8ae2b elementor-widget elementor-widget-template\" data-id=\"1f8ae2b\" data-element_type=\"widget\" data-widget_type=\"template.default\">\n\t\t\t\t<div class=\"elementor-widget-container\">\n\t\t\t\t\t\t\t<div class=\"elementor-template\">\n\t\t\t\t\t<footer data-elementor-type=\"section\" data-elementor-id=\"41475\" class=\"elementor elementor-41475\" data-elementor-settings=\"{&quot;ha_cmc_init_switcher&quot;:&quot;no&quot;}\" data-elementor-post-type=\"elementor_library\">\n\t\t\t<div class=\"elementor-element elementor-element-cb7f9fb e-con-full e-flex e-con e-parent\" data-id=\"cb7f9fb\" data-element_type=\"container\">\n\t\t<div class=\"elementor-element elementor-element-d73d474 e-con-full e-flex e-con e-child\" data-id=\"d73d474\" data-element_type=\"container\">\n\t\t\t\t<div class=\"elementor-element elementor-element-926e108 elementor-widget__width-auto elementor-widget elementor-widget-image\" data-id=\"926e108\" data-element_type=\"widget\" data-widget_type=\"image.default\">\n\t\t\t\t<div class=\"elementor-widget-container\">\n\t\t\t\t\t\t\t\t\t\t\t\t\t\t\t\t<a href=\"https:\/\/bagy.com.br\/?utm_source=gerador-de-nomes&#038;utm_medium=ferramenta&#038;utm_campaign=logo-rodape-esquerda-gerador-nome\">\n\t\t\t\t\t\t\t<img decoding=\"async\" width=\"130\" height=\"52\" src=\"https:\/\/bagy.com.br\/site\/wp-content\/uploads\/2021\/02\/logo-bagy-rosa.svg\" class=\"attachment-large size-large wp-image-35948\" alt=\"\" \/>\t\t\t\t\t\t\t\t<\/a>\n\t\t\t\t\t\t\t\t\t\t\t\t\t\t\t<\/div>\n\t\t\t\t<\/div>\n\t\t\t\t<div class=\"elementor-element elementor-element-00e343f elementor-widget__width-auto elementor-widget elementor-widget-heading\" data-id=\"00e343f\" data-element_type=\"widget\" data-widget_type=\"heading.default\">\n\t\t\t\t<div class=\"elementor-widget-container\">\n\t\t\t\t\t<h2 class=\"elementor-heading-title elementor-size-default\"><b>Bagy\u00a9 - Todos direitos reservados - CNPJ 27.357.470\/0001-63<\/b><br><br>Rua Caiap\u00f3s, 54, Mau\u00e1 | Novo Hamburgo - RS<br><br>\nAv. Cristov\u00e3o Colombo, 400, Sala 301 | Belo Horizonte - MG<\/h2>\t\t\t\t<\/div>\n\t\t\t\t<\/div>\n\t\t\t\t<div class=\"elementor-element elementor-element-0cd956f elementor-align-left elementor-mobile-align-justify elementor-widget-mobile__width-auto elementor-tablet-align-left elementor-widget__width-auto elementor-widget-tablet__width-auto elementor-widget elementor-widget-button\" data-id=\"0cd956f\" data-element_type=\"widget\" data-settings=\"{&quot;ha_floating_fx&quot;:&quot;yes&quot;}\" data-widget_type=\"button.default\">\n\t\t\t\t<div class=\"elementor-widget-container\">\n\t\t\t\t\t\t\t\t\t<div class=\"elementor-button-wrapper\">\n\t\t\t\t\t<a class=\"elementor-button elementor-button-link elementor-size-sm\" href=\"https:\/\/www.locaweb.com.br\/politicas\/\">\n\t\t\t\t\t\t<span class=\"elementor-button-content-wrapper\">\n\t\t\t\t\t\t\t\t\t<span class=\"elementor-button-text\">Pol\u00edtica de Privacidade<\/span>\n\t\t\t\t\t<\/span>\n\t\t\t\t\t<\/a>\n\t\t\t\t<\/div>\n\t\t\t\t\t\t\t\t<\/div>\n\t\t\t\t<\/div>\n\t\t\t\t<\/div>\n\t\t<div class=\"elementor-element elementor-element-bdd8457 e-con-full e-flex e-con e-child\" data-id=\"bdd8457\" data-element_type=\"container\">\n\t\t\t\t<div class=\"elementor-element elementor-element-808ad97 elementor-widget__width-auto elementor-widget elementor-widget-image\" data-id=\"808ad97\" data-element_type=\"widget\" data-widget_type=\"image.default\">\n\t\t\t\t<div class=\"elementor-widget-container\">\n\t\t\t\t\t\t\t\t\t\t\t\t\t\t\t\t<a href=\"https:\/\/www.facebook.com\/bagy.com.br\" target=\"_blank\">\n\t\t\t\t\t\t\t<img decoding=\"async\" width=\"40\" height=\"40\" src=\"https:\/\/bagy.com.br\/site\/wp-content\/uploads\/2023\/01\/facebook-1.svg\" class=\"attachment-large size-large wp-image-35908\" alt=\"\" \/>\t\t\t\t\t\t\t\t<\/a>\n\t\t\t\t\t\t\t\t\t\t\t\t\t\t\t<\/div>\n\t\t\t\t<\/div>\n\t\t\t\t<div class=\"elementor-element elementor-element-182cbf4 elementor-widget__width-auto elementor-widget elementor-widget-image\" data-id=\"182cbf4\" data-element_type=\"widget\" data-widget_type=\"image.default\">\n\t\t\t\t<div class=\"elementor-widget-container\">\n\t\t\t\t\t\t\t\t\t\t\t\t\t\t\t\t<a href=\"https:\/\/www.instagram.com\/bagy.com.br\/\" target=\"_blank\">\n\t\t\t\t\t\t\t<img decoding=\"async\" width=\"40\" height=\"40\" src=\"https:\/\/bagy.com.br\/site\/wp-content\/uploads\/2023\/01\/instagram-1.svg\" class=\"attachment-large size-large wp-image-35909\" alt=\"\" \/>\t\t\t\t\t\t\t\t<\/a>\n\t\t\t\t\t\t\t\t\t\t\t\t\t\t\t<\/div>\n\t\t\t\t<\/div>\n\t\t\t\t<div class=\"elementor-element elementor-element-9f2d980 elementor-widget__width-auto elementor-widget elementor-widget-image\" data-id=\"9f2d980\" data-element_type=\"widget\" data-widget_type=\"image.default\">\n\t\t\t\t<div class=\"elementor-widget-container\">\n\t\t\t\t\t\t\t\t\t\t\t\t\t\t\t\t<a href=\"https:\/\/www.youtube.com\/@vemdebagy\" target=\"_blank\">\n\t\t\t\t\t\t\t<img loading=\"lazy\" decoding=\"async\" width=\"40\" height=\"40\" src=\"https:\/\/bagy.com.br\/site\/wp-content\/uploads\/2023\/01\/youtube-1.svg\" class=\"attachment-large size-large wp-image-35911\" alt=\"\" \/>\t\t\t\t\t\t\t\t<\/a>\n\t\t\t\t\t\t\t\t\t\t\t\t\t\t\t<\/div>\n\t\t\t\t<\/div>\n\t\t\t\t<div class=\"elementor-element elementor-element-e218e2c elementor-widget__width-auto elementor-widget elementor-widget-image\" data-id=\"e218e2c\" data-element_type=\"widget\" data-widget_type=\"image.default\">\n\t\t\t\t<div class=\"elementor-widget-container\">\n\t\t\t\t\t\t\t\t\t\t\t\t\t\t\t\t<a href=\"https:\/\/www.linkedin.com\/company\/bagy\/\" target=\"_blank\">\n\t\t\t\t\t\t\t<img loading=\"lazy\" decoding=\"async\" width=\"40\" height=\"40\" src=\"https:\/\/bagy.com.br\/site\/wp-content\/uploads\/2023\/01\/linkedin-1.svg\" class=\"attachment-large size-large wp-image-35910\" alt=\"\" \/>\t\t\t\t\t\t\t\t<\/a>\n\t\t\t\t\t\t\t\t\t\t\t\t\t\t\t<\/div>\n\t\t\t\t<\/div>\n\t\t\t\t<\/div>\n\t\t\t\t<\/div>\n\t\t\t\t<\/footer>\n\t\t\t\t<\/div>\n\t\t\t\t\t\t<\/div>\n\t\t\t\t<\/div>\n\t\t\t\t\t<\/div>\n\t\t\t\t<\/div>\n\t\t\t\t<\/footer>\n\t\t\t\t<\/div>\n\t\t\t\t\t\t<\/div>\n\t\t\t\t<\/div>\n\t\t\t\t\t<\/div>\n\t\t\t\t<\/div>\n\t\t\t\t<\/div>\n\t\t","protected":false},"excerpt":{"rendered":"<p>Obrigado! Recebemos suas informa\u00e7\u00f5es e logo mais nossa equipe entrar\u00e1 em contato com voc\u00ea para realizarmos a sua migra\u00e7\u00e3o!<\/p>\n","protected":false},"author":3,"featured_media":0,"parent":0,"menu_order":0,"comment_status":"closed","ping_status":"closed","template":"","meta":{"footnotes":""},"class_list":["post-84739","page","type-page","status-publish","hentry"],"yoast_head":"<!-- This site is optimized with the Yoast SEO plugin v26.3 - https:\/\/yoast.com\/wordpress\/plugins\/seo\/ -->\n<title>Alternativa para Mercado Shops. Migre com facilidade para a Bagy!<\/title>\n<meta name=\"description\" content=\"Simplifique a migra\u00e7\u00e3o da sua loja virtual com a Bagy. Aproveite integra\u00e7\u00f5es com Mercado Livre e Mercado Pago, suporte dedicado e recursos avan\u00e7ados para vender mais.\" \/>\n<meta name=\"robots\" content=\"index, follow, max-snippet:-1, max-image-preview:large, max-video-preview:-1\" \/>\n<link rel=\"canonical\" href=\"https:\/\/bagy.com.br\/site\/obrigado-mercadoshops\/\" \/>\n<meta property=\"og:locale\" content=\"pt_BR\" \/>\n<meta property=\"og:type\" content=\"article\" \/>\n<meta property=\"og:title\" content=\"Alternativa para Mercado Shops. Migre com facilidade para a Bagy!\" \/>\n<meta property=\"og:description\" content=\"Simplifique a migra\u00e7\u00e3o da sua loja virtual com a Bagy. Aproveite integra\u00e7\u00f5es com Mercado Livre e Mercado Pago, suporte dedicado e recursos avan\u00e7ados para vender mais.\" \/>\n<meta property=\"og:url\" content=\"https:\/\/bagy.com.br\/site\/obrigado-mercadoshops\/\" \/>\n<meta property=\"og:site_name\" content=\"Bagy\" \/>\n<meta property=\"article:modified_time\" content=\"2025-01-23T20:11:07+00:00\" \/>\n<meta name=\"twitter:card\" content=\"summary_large_image\" \/>\n<meta name=\"twitter:label1\" content=\"Est. tempo de leitura\" \/>\n\t<meta name=\"twitter:data1\" content=\"4 minutos\" \/>\n<script type=\"application\/ld+json\" class=\"yoast-schema-graph\">{\"@context\":\"https:\/\/schema.org\",\"@graph\":[{\"@type\":\"WebPage\",\"@id\":\"https:\/\/bagy.com.br\/site\/obrigado-mercadoshops\/\",\"url\":\"https:\/\/bagy.com.br\/site\/obrigado-mercadoshops\/\",\"name\":\"Alternativa para Mercado Shops. Migre com facilidade para a Bagy!\",\"isPartOf\":{\"@id\":\"https:\/\/bagy.com.br\/site\/#website\"},\"datePublished\":\"2025-01-23T20:08:59+00:00\",\"dateModified\":\"2025-01-23T20:11:07+00:00\",\"description\":\"Simplifique a migra\u00e7\u00e3o da sua loja virtual com a Bagy. Aproveite integra\u00e7\u00f5es com Mercado Livre e Mercado Pago, suporte dedicado e recursos avan\u00e7ados para vender mais.\",\"breadcrumb\":{\"@id\":\"https:\/\/bagy.com.br\/site\/obrigado-mercadoshops\/#breadcrumb\"},\"inLanguage\":\"pt-BR\",\"potentialAction\":[{\"@type\":\"ReadAction\",\"target\":[\"https:\/\/bagy.com.br\/site\/obrigado-mercadoshops\/\"]}]},{\"@type\":\"BreadcrumbList\",\"@id\":\"https:\/\/bagy.com.br\/site\/obrigado-mercadoshops\/#breadcrumb\",\"itemListElement\":[{\"@type\":\"ListItem\",\"position\":1,\"name\":\"In\u00edcio\",\"item\":\"https:\/\/bagy.com.br\/site\/\"},{\"@type\":\"ListItem\",\"position\":2,\"name\":\"[BAGY] Migre do Mercado Shops &#8211; Obrigado\"}]},{\"@type\":\"WebSite\",\"@id\":\"https:\/\/bagy.com.br\/site\/#website\",\"url\":\"https:\/\/bagy.com.br\/site\/\",\"name\":\"Bagy\",\"description\":\"Tenha sua pr\u00f3pria loja online de uma maneira r\u00e1pida e f\u00e1cil sem precisar ter nenhum conhecimento t\u00e9cnico\",\"publisher\":{\"@id\":\"https:\/\/bagy.com.br\/site\/#organization\"},\"potentialAction\":[{\"@type\":\"SearchAction\",\"target\":{\"@type\":\"EntryPoint\",\"urlTemplate\":\"https:\/\/bagy.com.br\/site\/?s={search_term_string}\"},\"query-input\":{\"@type\":\"PropertyValueSpecification\",\"valueRequired\":true,\"valueName\":\"search_term_string\"}}],\"inLanguage\":\"pt-BR\"},{\"@type\":\"Organization\",\"@id\":\"https:\/\/bagy.com.br\/site\/#organization\",\"name\":\"Bagy\",\"url\":\"https:\/\/bagy.com.br\/site\/\",\"logo\":{\"@type\":\"ImageObject\",\"inLanguage\":\"pt-BR\",\"@id\":\"https:\/\/bagy.com.br\/site\/#\/schema\/logo\/image\/\",\"url\":\"https:\/\/bagy.com.br\/site\/wp-content\/uploads\/2021\/02\/logo-bagy-rosa.svg\",\"contentUrl\":\"https:\/\/bagy.com.br\/site\/wp-content\/uploads\/2021\/02\/logo-bagy-rosa.svg\",\"width\":130,\"height\":52,\"caption\":\"Bagy\"},\"image\":{\"@id\":\"https:\/\/bagy.com.br\/site\/#\/schema\/logo\/image\/\"}}]}<\/script>\n<!-- \/ Yoast SEO plugin. -->","yoast_head_json":{"title":"Alternativa para Mercado Shops. Migre com facilidade para a Bagy!","description":"Simplifique a migra\u00e7\u00e3o da sua loja virtual com a Bagy. Aproveite integra\u00e7\u00f5es com Mercado Livre e Mercado Pago, suporte dedicado e recursos avan\u00e7ados para vender mais.","robots":{"index":"index","follow":"follow","max-snippet":"max-snippet:-1","max-image-preview":"max-image-preview:large","max-video-preview":"max-video-preview:-1"},"canonical":"https:\/\/bagy.com.br\/site\/obrigado-mercadoshops\/","og_locale":"pt_BR","og_type":"article","og_title":"Alternativa para Mercado Shops. Migre com facilidade para a Bagy!","og_description":"Simplifique a migra\u00e7\u00e3o da sua loja virtual com a Bagy. Aproveite integra\u00e7\u00f5es com Mercado Livre e Mercado Pago, suporte dedicado e recursos avan\u00e7ados para vender mais.","og_url":"https:\/\/bagy.com.br\/site\/obrigado-mercadoshops\/","og_site_name":"Bagy","article_modified_time":"2025-01-23T20:11:07+00:00","twitter_card":"summary_large_image","twitter_misc":{"Est. tempo de leitura":"4 minutos"},"schema":{"@context":"https:\/\/schema.org","@graph":[{"@type":"WebPage","@id":"https:\/\/bagy.com.br\/site\/obrigado-mercadoshops\/","url":"https:\/\/bagy.com.br\/site\/obrigado-mercadoshops\/","name":"Alternativa para Mercado Shops. Migre com facilidade para a Bagy!","isPartOf":{"@id":"https:\/\/bagy.com.br\/site\/#website"},"datePublished":"2025-01-23T20:08:59+00:00","dateModified":"2025-01-23T20:11:07+00:00","description":"Simplifique a migra\u00e7\u00e3o da sua loja virtual com a Bagy. Aproveite integra\u00e7\u00f5es com Mercado Livre e Mercado Pago, suporte dedicado e recursos avan\u00e7ados para vender mais.","breadcrumb":{"@id":"https:\/\/bagy.com.br\/site\/obrigado-mercadoshops\/#breadcrumb"},"inLanguage":"pt-BR","potentialAction":[{"@type":"ReadAction","target":["https:\/\/bagy.com.br\/site\/obrigado-mercadoshops\/"]}]},{"@type":"BreadcrumbList","@id":"https:\/\/bagy.com.br\/site\/obrigado-mercadoshops\/#breadcrumb","itemListElement":[{"@type":"ListItem","position":1,"name":"In\u00edcio","item":"https:\/\/bagy.com.br\/site\/"},{"@type":"ListItem","position":2,"name":"[BAGY] Migre do Mercado Shops &#8211; Obrigado"}]},{"@type":"WebSite","@id":"https:\/\/bagy.com.br\/site\/#website","url":"https:\/\/bagy.com.br\/site\/","name":"Bagy","description":"Tenha sua pr\u00f3pria loja online de uma maneira r\u00e1pida e f\u00e1cil sem precisar ter nenhum conhecimento t\u00e9cnico","publisher":{"@id":"https:\/\/bagy.com.br\/site\/#organization"},"potentialAction":[{"@type":"SearchAction","target":{"@type":"EntryPoint","urlTemplate":"https:\/\/bagy.com.br\/site\/?s={search_term_string}"},"query-input":{"@type":"PropertyValueSpecification","valueRequired":true,"valueName":"search_term_string"}}],"inLanguage":"pt-BR"},{"@type":"Organization","@id":"https:\/\/bagy.com.br\/site\/#organization","name":"Bagy","url":"https:\/\/bagy.com.br\/site\/","logo":{"@type":"ImageObject","inLanguage":"pt-BR","@id":"https:\/\/bagy.com.br\/site\/#\/schema\/logo\/image\/","url":"https:\/\/bagy.com.br\/site\/wp-content\/uploads\/2021\/02\/logo-bagy-rosa.svg","contentUrl":"https:\/\/bagy.com.br\/site\/wp-content\/uploads\/2021\/02\/logo-bagy-rosa.svg","width":130,"height":52,"caption":"Bagy"},"image":{"@id":"https:\/\/bagy.com.br\/site\/#\/schema\/logo\/image\/"}}]}},"_links":{"self":[{"href":"https:\/\/bagy.com.br\/site\/wp-json\/wp\/v2\/pages\/84739","targetHints":{"allow":["GET"]}}],"collection":[{"href":"https:\/\/bagy.com.br\/site\/wp-json\/wp\/v2\/pages"}],"about":[{"href":"https:\/\/bagy.com.br\/site\/wp-json\/wp\/v2\/types\/page"}],"author":[{"embeddable":true,"href":"https:\/\/bagy.com.br\/site\/wp-json\/wp\/v2\/users\/3"}],"replies":[{"embeddable":true,"href":"https:\/\/bagy.com.br\/site\/wp-json\/wp\/v2\/comments?post=84739"}],"version-history":[{"count":5,"href":"https:\/\/bagy.com.br\/site\/wp-json\/wp\/v2\/pages\/84739\/revisions"}],"predecessor-version":[{"id":84746,"href":"https:\/\/bagy.com.br\/site\/wp-json\/wp\/v2\/pages\/84739\/revisions\/84746"}],"wp:attachment":[{"href":"https:\/\/bagy.com.br\/site\/wp-json\/wp\/v2\/media?parent=84739"}],"curies":[{"name":"wp","href":"https:\/\/api.w.org\/{rel}","templated":true}]}}